{"id":43,"date":"2024-02-20T10:41:19","date_gmt":"2024-02-20T15:41:19","guid":{"rendered":"https:\/\/www.aqtran.com\/?page_id=43"},"modified":"2024-02-20T17:27:42","modified_gmt":"2024-02-20T22:27:42","slug":"camiones","status":"publish","type":"page","link":"https:\/\/www.aqtran.com\/index.php\/camiones\/","title":{"rendered":"Camiones"},"content":{"rendered":"<p>[et_pb_section fb_built=\u00bb1&#8243; admin_label=\u00bbHeader\u00bb _builder_version=\u00bb4.24.1&#8243; _module_preset=\u00bbdefault\u00bb background_color=\u00bbgcid-aa5ce8f4-a042-4184-8a76-3f3d083cef18&#8243; background_image=\u00bbhttps:\/\/www.aqtran.com\/wp-content\/uploads\/2024\/02\/cargo-transport-04.png\u00bb background_position=\u00bbtop_center\u00bb locked=\u00bboff\u00bb collapsed=\u00bbon\u00bb global_colors_info=\u00bb{%22gcid-aa5ce8f4-a042-4184-8a76-3f3d083cef18%22:%91%22background_color%22%93}\u00bb][et_pb_row _builder_version=\u00bb4.20.0&#8243; _module_preset=\u00bbdefault\u00bb locked=\u00bboff\u00bb global_colors_info=\u00bb{}\u00bb][et_pb_column type=\u00bb4_4&#8243; _builder_version=\u00bb4.20.0&#8243; _module_preset=\u00bbdefault\u00bb global_colors_info=\u00bb{}\u00bb][et_pb_text _builder_version=\u00bb4.24.1&#8243; _module_preset=\u00bb060073d5-d21c-49a1-a110-1fb3060a5d0d\u00bb header_text_color=\u00bb#FFFFFF\u00bb text_orientation=\u00bbcenter\u00bb custom_margin=\u00bb||10px||false|false\u00bb locked=\u00bboff\u00bb global_colors_info=\u00bb{}\u00bb]<\/p>\n<h1>Entrega de carga puerta a puerta<\/h1>\n<p>[\/et_pb_text][et_pb_text _builder_version=\u00bb4.24.1&#8243; _module_preset=\u00bbd456324b-7ff7-4c38-b49e-0360eb310e2a\u00bb text_text_color=\u00bbrgba(255,255,255,0.7)\u00bb text_orientation=\u00bbcenter\u00bb max_width=\u00bb694px\u00bb module_alignment=\u00bbcenter\u00bb custom_margin=\u00bb|||5px||\u00bb locked=\u00bboff\u00bb global_colors_info=\u00bb{}\u00bb]<\/p>\n<p>Sabemos que tu carga es valiosa, y nuestro compromiso es garantizar que llegue a su destino final con la misma seguridad con la que confiaste en nosotros.<\/p>\n<p>[\/et_pb_text][et_pb_button button_url=\u00bbhttps:\/\/www.aqtran.com\/index.php\/contacto\/\u00bb button_text=\u00bbConsigue una cotizaci\u00f3n\u00bb button_alignment=\u00bbcenter\u00bb _builder_version=\u00bb4.24.1&#8243; _module_preset=\u00bb76696bd6-fa1c-45c5-8bba-81898b8f9b60&#8243; button_text_color=\u00bbgcid-aa5ce8f4-a042-4184-8a76-3f3d083cef18&#8243; button_bg_color=\u00bbgcid-8cdb4e16-0e89-4c38-b30b-9fe41127e3f5&#8243; global_colors_info=\u00bb{%22gcid-af6245ea-df40-48a8-9687-67293107dc0c%22:%91%22button_text_color%22%93,%22gcid-aa5ce8f4-a042-4184-8a76-3f3d083cef18%22:%91%22button_text_color%22%93,%22gcid-8cdb4e16-0e89-4c38-b30b-9fe41127e3f5%22:%91%22button_bg_color%22%93}\u00bb][\/et_pb_button][\/et_pb_column][\/et_pb_row][\/et_pb_section][et_pb_section fb_built=\u00bb1&#8243; admin_label=\u00bbFeature\u00bb _builder_version=\u00bb4.20.0&#8243; _module_preset=\u00bbdefault\u00bb background_color=\u00bbgcid-af6245ea-df40-48a8-9687-67293107dc0c\u00bb locked=\u00bboff\u00bb collapsed=\u00bbon\u00bb global_colors_info=\u00bb{%22gcid-af6245ea-df40-48a8-9687-67293107dc0c%22:%91%22background_color%22%93}\u00bb][et_pb_row column_structure=\u00bb1_2,1_2&#8243; _builder_version=\u00bb4.20.0&#8243; _module_preset=\u00bbdefault\u00bb global_colors_info=\u00bb{}\u00bb][et_pb_column type=\u00bb1_2&#8243; _builder_version=\u00bb4.20.0&#8243; _module_preset=\u00bbdefault\u00bb global_colors_info=\u00bb{}\u00bb][et_pb_text _builder_version=\u00bb4.24.1&#8243; _module_preset=\u00bb4d340c9c-659f-4f58-82f8-aaefb3069ad1&#8243; header_4_text_color=\u00bbgcid-8cdb4e16-0e89-4c38-b30b-9fe41127e3f5&#8243; global_colors_info=\u00bb{%22gcid-8cdb4e16-0e89-4c38-b30b-9fe41127e3f5%22:%91%22header_4_text_color%22%93}\u00bb]<\/p>\n<h4>C\u00f3mo funciona<\/h4>\n<p>[\/et_pb_text][et_pb_text _builder_version=\u00bb4.24.1&#8243; _module_preset=\u00bbbaf52743-1f4b-4f95-8d15-d463e3beb07c\u00bb header_2_text_color=\u00bb#FFFFFF\u00bb header_2_font_size=\u00bb35px\u00bb global_colors_info=\u00bb{}\u00bb]<\/p>\n<h2>Ind\u00edcamos la hora y el lugar. Lo recogemos, lo empaquetamos, lo enviamos, lo entregamos.<\/h2>\n<p>[\/et_pb_text][et_pb_text _builder_version=\u00bb4.24.1&#8243; _module_preset=\u00bbe324a613-b104-4d4f-ac1d-9fd5f88279b3&#8243; text_text_color=\u00bbrgba(255,255,255,0.7)\u00bb global_colors_info=\u00bb{}\u00bb]<\/p>\n<p>Somos tu socio comprometido en hacer que tu carga pesada llegue directamente a su destino. Nuestro servicio de entrega puerta a puerta se caracteriza por la transparencia, la seguridad y la eficiencia.<\/p>\n<p>Desde la recolecci\u00f3n hasta la entrega final, estamos dedicados a mantener la integridad de tu carga. Descubre la diferencia que un servicio comprometido puede hacer para tu log\u00edstica de carga pesada con nosotros.<\/p>\n<p>[\/et_pb_text][\/et_pb_column][et_pb_column type=\u00bb1_2&#8243; _builder_version=\u00bb4.20.0&#8243; _module_preset=\u00bbdefault\u00bb global_colors_info=\u00bb{}\u00bb][et_pb_image src=\u00bbhttps:\/\/www.aqtran.com\/wp-content\/uploads\/2024\/02\/Aqtran_Camiones_01.png\u00bb title_text=\u00bbAqtran_Camiones_01&#8243; _builder_version=\u00bb4.24.1&#8243; _module_preset=\u00bbdefault\u00bb width=\u00bb90%\u00bb global_colors_info=\u00bb{}\u00bb][\/et_pb_image][\/et_pb_column][\/et_pb_row][\/et_pb_section][et_pb_section fb_built=\u00bb1&#8243; admin_label=\u00bbFeatures\u00bb _builder_version=\u00bb4.20.0&#8243; _module_preset=\u00bbdefault\u00bb background_color=\u00bbgcid-af6245ea-df40-48a8-9687-67293107dc0c\u00bb saved_tabs=\u00bball\u00bb collapsed=\u00bbon\u00bb global_colors_info=\u00bb{%22gcid-af6245ea-df40-48a8-9687-67293107dc0c%22:%91%22background_color%22%93}\u00bb][et_pb_row column_structure=\u00bb1_2,1_2&#8243; _builder_version=\u00bb4.20.0&#8243; _module_preset=\u00bbdefault\u00bb locked=\u00bboff\u00bb global_colors_info=\u00bb{}\u00bb][et_pb_column type=\u00bb1_2&#8243; _builder_version=\u00bb4.20.0&#8243; _module_preset=\u00bbdefault\u00bb global_colors_info=\u00bb{}\u00bb][et_pb_image src=\u00bbhttps:\/\/www.aqtran.com\/wp-content\/uploads\/2024\/02\/Aqtran_Camiones_02.png\u00bb title_text=\u00bbAqtran_Camiones_02&#8243; align=\u00bbright\u00bb _builder_version=\u00bb4.24.1&#8243; _module_preset=\u00bbdefault\u00bb custom_margin=\u00bb|||-20vw|false|false\u00bb custom_margin_last_edited=\u00bboff|desktop\u00bb scroll_horizontal_motion_enable=\u00bbon\u00bb scroll_horizontal_motion=\u00bb0|100|100|100|-2|0|0&#8243; global_colors_info=\u00bb{}\u00bb][\/et_pb_image][\/et_pb_column][et_pb_column type=\u00bb1_2&#8243; _builder_version=\u00bb4.20.0&#8243; _module_preset=\u00bbdefault\u00bb global_colors_info=\u00bb{}\u00bb][et_pb_text _builder_version=\u00bb4.24.1&#8243; _module_preset=\u00bb4d340c9c-659f-4f58-82f8-aaefb3069ad1&#8243; header_4_text_color=\u00bbgcid-8cdb4e16-0e89-4c38-b30b-9fe41127e3f5&#8243; global_colors_info=\u00bb{%22gcid-8cdb4e16-0e89-4c38-b30b-9fe41127e3f5%22:%91%22header_4_text_color%22%93}\u00bb]<\/p>\n<h4>Satisfacci\u00f3n garantizada<\/h4>\n<p>[\/et_pb_text][et_pb_text _builder_version=\u00bb4.24.1&#8243; _module_preset=\u00bbbaf52743-1f4b-4f95-8d15-d463e3beb07c\u00bb header_2_text_color=\u00bb#FFFFFF\u00bb header_2_font_size=\u00bb35px\u00bb global_colors_info=\u00bb{}\u00bb]<\/p>\n<h2>Entregamos su carga pesada de forma segura y puntual<\/h2>\n<p>[\/et_pb_text][et_pb_blurb title=\u00bbAmplia gama de opciones de transporte de carga y un equipo  log\u00edstico altamente capacitado, nos asegura que tu carga llegue a su  destino en las mejores condiciones.\u00bb use_icon=\u00bbon\u00bb font_icon=\u00bb&#xe052;||divi||400&#8243; icon_color=\u00bbgcid-8cdb4e16-0e89-4c38-b30b-9fe41127e3f5&#8243; _builder_version=\u00bb4.24.1&#8243; _module_preset=\u00bbd4ca8d61-da7f-4847-9229-8a2e0e5cc2cd\u00bb global_colors_info=\u00bb{}\u00bb][\/et_pb_blurb][et_pb_blurb title=\u00bbEntrega oportuna y confiable, con seguimiento de los env\u00edos en<br \/>\ntiempo real para tu mayor tranquilidad.\u00bb use_icon=\u00bbon\u00bb font_icon=\u00bb&#xe052;||divi||400&#8243; icon_color=\u00bbgcid-8cdb4e16-0e89-4c38-b30b-9fe41127e3f5&#8243; _builder_version=\u00bb4.24.1&#8243; _module_preset=\u00bbd4ca8d61-da7f-4847-9229-8a2e0e5cc2cd\u00bb global_colors_info=\u00bb{}\u00bb][\/et_pb_blurb][et_pb_blurb title=\u00bbTransporte de mercanc\u00edas altamente seguro y protegido, con  medidas de protecci\u00f3n contra robos y da\u00f1os durante el tr\u00e1nsito.\u00bb use_icon=\u00bbon\u00bb font_icon=\u00bb&#xe052;||divi||400&#8243; icon_color=\u00bbgcid-8cdb4e16-0e89-4c38-b30b-9fe41127e3f5&#8243; _builder_version=\u00bb4.24.1&#8243; _module_preset=\u00bbd4ca8d61-da7f-4847-9229-8a2e0e5cc2cd\u00bb global_colors_info=\u00bb{}\u00bb][\/et_pb_blurb][et_pb_blurb title=\u00bbSoluciones de transporte eficientes y rentables, con precios<br \/>\ncompetitivos y estrategias log\u00edsticas optimizadas.\u00bb use_icon=\u00bbon\u00bb font_icon=\u00bb&#xe052;||divi||400&#8243; icon_color=\u00bbgcid-8cdb4e16-0e89-4c38-b30b-9fe41127e3f5&#8243; _builder_version=\u00bb4.24.1&#8243; _module_preset=\u00bbd4ca8d61-da7f-4847-9229-8a2e0e5cc2cd\u00bb global_colors_info=\u00bb{}\u00bb][\/et_pb_blurb][\/et_pb_column][\/et_pb_row][\/et_pb_section][et_pb_section fb_built=\u00bb1&#8243; admin_label=\u00bbCall to Action\u00bb _builder_version=\u00bb4.24.1&#8243; _module_preset=\u00bbdefault\u00bb background_color=\u00bbgcid-af6245ea-df40-48a8-9687-67293107dc0c\u00bb background_image=\u00bbhttps:\/\/www.aqtran.com\/wp-content\/uploads\/2024\/02\/cargo-transport-04.png\u00bb background_position=\u00bbtop_center\u00bb locked=\u00bboff\u00bb collapsed=\u00bbon\u00bb global_colors_info=\u00bb{%22gcid-af6245ea-df40-48a8-9687-67293107dc0c%22:%91%22background_color%22%93}\u00bb][et_pb_row _builder_version=\u00bb4.24.1&#8243; _module_preset=\u00bbdefault\u00bb background_color=\u00bbgcid-8cdb4e16-0e89-4c38-b30b-9fe41127e3f5&#8243; background_image=\u00bbhttps:\/\/www.aqtran.com\/wp-content\/uploads\/2024\/02\/cargo-transport-07.png\u00bb background_position=\u00bbtop_center\u00bb custom_padding=\u00bb80px|80px|80px|80px|true|true\u00bb border_radii=\u00bbon|10px|10px|10px|10px\u00bb saved_tabs=\u00bball\u00bb global_colors_info=\u00bb{%22gcid-8cdb4e16-0e89-4c38-b30b-9fe41127e3f5%22:%91%22background_color%22%93}\u00bb][et_pb_column type=\u00bb4_4&#8243; _builder_version=\u00bb4.20.0&#8243; _module_preset=\u00bbdefault\u00bb global_colors_info=\u00bb{}\u00bb][et_pb_text _builder_version=\u00bb4.24.1&#8243; _module_preset=\u00bba546e496-e371-4991-9cc9-c7d24e4524b3&#8243; header_2_text_color=\u00bbgcid-af6245ea-df40-48a8-9687-67293107dc0c\u00bb text_orientation=\u00bbcenter\u00bb custom_margin_tablet=\u00bb\u00bb custom_margin_phone=\u00bb|-30px||-30px|false|true\u00bb custom_margin_last_edited=\u00bbon|phone\u00bb global_colors_info=\u00bb{%22gcid-af6245ea-df40-48a8-9687-67293107dc0c%22:%91%22header_2_text_color%22%93}\u00bb]<\/p>\n<h2>\u00bfNecesitas una mano con tu log\u00edstica?<br \/>Perm\u00edtenos ayudarte a simplificar el proceso.<\/h2>\n<p>[\/et_pb_text][et_pb_text _builder_version=\u00bb4.24.1&#8243; _module_preset=\u00bbdefault\u00bb text_font=\u00bbRed Hat Display||||||||\u00bb text_text_color=\u00bb#000000&#8243; text_font_size=\u00bb27px\u00bb custom_margin=\u00bb||40px|||\u00bb custom_margin_tablet=\u00bb\u00bb custom_margin_phone=\u00bb|-50px|40px|-50px|false|true\u00bb custom_margin_last_edited=\u00bbon|phone\u00bb global_colors_info=\u00bb{}\u00bb]<\/p>\n<p style=\"text-align: center;\">\u00a1Solicita una consulta GRATUITA ahora!<\/p>\n<p>[\/et_pb_text][et_pb_button button_url=\u00bbhttps:\/\/www.aqtran.com\/index.php\/contacto\/\u00bb button_text=\u00bbPonte en contacto con nosotros\u00bb button_alignment=\u00bbcenter\u00bb _builder_version=\u00bb4.24.1&#8243; _module_preset=\u00bbb731a95e-7350-4f74-9b53-e23b6dd6d91a\u00bb button_text_color=\u00bbgcid-8cdb4e16-0e89-4c38-b30b-9fe41127e3f5&#8243; custom_margin=\u00bb|-70px||-70px|false|true\u00bb custom_margin_tablet=\u00bb\u00bb custom_margin_phone=\u00bb\u00bb custom_margin_last_edited=\u00bbon|phone\u00bb global_colors_info=\u00bb{%22gcid-af6245ea-df40-48a8-9687-67293107dc0c%22:%91%22button_bg_color%22,%22button_bg_color%22,%22button_bg_color%22%93,%22gcid-8cdb4e16-0e89-4c38-b30b-9fe41127e3f5%22:%91%22button_text_color%22%93}\u00bb][\/et_pb_button][\/et_pb_column][\/et_pb_row][\/et_pb_section][et_pb_section fb_built=\u00bb1&#8243; admin_label=\u00bbFooter\u00bb _builder_version=\u00bb4.20.0&#8243; _module_preset=\u00bbdefault\u00bb background_color=\u00bbgcid-400cd218-0ce7-4651-90a8-18df0f8d948b\u00bb saved_tabs=\u00bball\u00bb collapsed=\u00bbon\u00bb global_colors_info=\u00bb{%22gcid-400cd218-0ce7-4651-90a8-18df0f8d948b%22:%91%22background_color%22%93}\u00bb][et_pb_row column_structure=\u00bb1_3,1_3,1_3&#8243; _builder_version=\u00bb4.20.0&#8243; _module_preset=\u00bbdefault\u00bb global_colors_info=\u00bb{}\u00bb][et_pb_column type=\u00bb1_3&#8243; _builder_version=\u00bb4.20.0&#8243; _module_preset=\u00bbdefault\u00bb global_colors_info=\u00bb{}\u00bb][et_pb_text _builder_version=\u00bb4.24.1&#8243; _module_preset=\u00bb0635e2d5-4b6d-4c78-88b9-f31fef46f930&#8243; header_3_text_color=\u00bbgcid-8cdb4e16-0e89-4c38-b30b-9fe41127e3f5&#8243; custom_margin=\u00bb||10px||false|false\u00bb global_colors_info=\u00bb{%22gcid-8cdb4e16-0e89-4c38-b30b-9fe41127e3f5%22:%91%22header_3_text_color%22%93}\u00bb]<\/p>\n<h3>Direcci\u00f3n<\/h3>\n<p>[\/et_pb_text][et_pb_text _builder_version=\u00bb4.24.1&#8243; _module_preset=\u00bb30373dd6-6502-4e4d-9ddb-1ba03583aa5b\u00bb text_text_color=\u00bb#FFFFFF\u00bb global_colors_info=\u00bb{}\u00bb]<\/p>\n<p>Av. Asturias #423, Ate &#8211; Vitarte, Lima, Per\u00fa<\/p>\n<p>[\/et_pb_text][et_pb_button button_url=\u00bbhttps:\/\/maps.app.goo.gl\/KuDuTUiasZhmvbVY8&#8243; url_new_window=\u00bbon\u00bb button_text=\u00bbUb\u00edcanos\u00bb _builder_version=\u00bb4.24.1&#8243; _module_preset=\u00bbdf492ed6-45df-42bd-8302-a7bf08ee1c15&#8243; button_text_color=\u00bbgcid-8cdb4e16-0e89-4c38-b30b-9fe41127e3f5&#8243; button_border_color=\u00bbgcid-8cdb4e16-0e89-4c38-b30b-9fe41127e3f5&#8243; custom_margin=\u00bb-8px|||||\u00bb custom_padding=\u00bb15px|40px|15px|40px|true|false\u00bb global_colors_info=\u00bb{%22gcid-8cdb4e16-0e89-4c38-b30b-9fe41127e3f5%22:%91%22button_text_color%22,%22button_border_color%22%93}\u00bb][\/et_pb_button][\/et_pb_column][et_pb_column type=\u00bb1_3&#8243; _builder_version=\u00bb4.20.0&#8243; _module_preset=\u00bbdefault\u00bb global_colors_info=\u00bb{}\u00bb][et_pb_text _builder_version=\u00bb4.24.1&#8243; _module_preset=\u00bb0635e2d5-4b6d-4c78-88b9-f31fef46f930&#8243; header_3_text_color=\u00bbgcid-8cdb4e16-0e89-4c38-b30b-9fe41127e3f5&#8243; custom_margin=\u00bb||10px|80px|false|false\u00bb custom_margin_tablet=\u00bb\u00bb custom_margin_phone=\u00bb||10px|0px|false|false\u00bb custom_margin_last_edited=\u00bbon|phone\u00bb global_colors_info=\u00bb{%22gcid-8cdb4e16-0e89-4c38-b30b-9fe41127e3f5%22:%91%22header_3_text_color%22%93}\u00bb]<\/p>\n<h3>Tel\u00e9fono<\/h3>\n<p>[\/et_pb_text][et_pb_text _builder_version=\u00bb4.24.1&#8243; _module_preset=\u00bb30373dd6-6502-4e4d-9ddb-1ba03583aa5b\u00bb text_text_color=\u00bb#FFFFFF\u00bb link_text_color=\u00bb#FFFFFF\u00bb custom_margin=\u00bb||10px|80px|false|false\u00bb custom_margin_tablet=\u00bb\u00bb custom_margin_phone=\u00bb||10px|0px|false|false\u00bb custom_margin_last_edited=\u00bbon|phone\u00bb global_colors_info=\u00bb{%22gcid-8cdb4e16-0e89-4c38-b30b-9fe41127e3f5%22:%91%22link_text_color__hover%22%93}\u00bb link_text_color__hover_enabled=\u00bbon|hover\u00bb link_text_color__hover=\u00bb#e7ac3c\u00bb]<\/p>\n<p>(+51) 924 295 293<\/p>\n<p>[\/et_pb_text][et_pb_text _builder_version=\u00bb4.24.1&#8243; _module_preset=\u00bb30373dd6-6502-4e4d-9ddb-1ba03583aa5b\u00bb text_text_color=\u00bb#FFFFFF\u00bb link_text_color=\u00bb#FFFFFF\u00bb custom_margin=\u00bb||10px|80px|false|false\u00bb custom_margin_tablet=\u00bb\u00bb custom_margin_phone=\u00bb|||0px|false|false\u00bb custom_margin_last_edited=\u00bbon|phone\u00bb global_colors_info=\u00bb{%22gcid-8cdb4e16-0e89-4c38-b30b-9fe41127e3f5%22:%91%22link_text_color__hover%22%93}\u00bb link_text_color__hover_enabled=\u00bbon|hover\u00bb link_text_color__hover=\u00bb#e7ac3c\u00bb]<\/p>\n<p>(+51) 998 676\u00a0834<\/p>\n<p>[\/et_pb_text][\/et_pb_column][et_pb_column type=\u00bb1_3&#8243; _builder_version=\u00bb4.20.0&#8243; _module_preset=\u00bbdefault\u00bb global_colors_info=\u00bb{}\u00bb][et_pb_text _builder_version=\u00bb4.24.1&#8243; _module_preset=\u00bb0635e2d5-4b6d-4c78-88b9-f31fef46f930&#8243; header_3_text_color=\u00bbgcid-8cdb4e16-0e89-4c38-b30b-9fe41127e3f5&#8243; custom_margin=\u00bb||10px||false|false\u00bb global_colors_info=\u00bb{%22gcid-8cdb4e16-0e89-4c38-b30b-9fe41127e3f5%22:%91%22header_3_text_color%22%93}\u00bb]<\/p>\n<h3>Email<\/h3>\n<p>[\/et_pb_text][et_pb_text _builder_version=\u00bb4.24.1&#8243; _module_preset=\u00bb30373dd6-6502-4e4d-9ddb-1ba03583aa5b\u00bb text_text_color=\u00bb#FFFFFF\u00bb link_text_color=\u00bb#FFFFFF\u00bb custom_margin=\u00bb||10px||false|false\u00bb global_colors_info=\u00bb{%22gcid-8cdb4e16-0e89-4c38-b30b-9fe41127e3f5%22:%91%22link_text_color__hover%22%93}\u00bb link_text_color__hover_enabled=\u00bbon|hover\u00bb link_text_color__hover=\u00bb#e7ac3c\u00bb]<\/p>\n<p>operaciones@aqtran.com<\/p>\n<p>[\/et_pb_text][\/et_pb_column][\/et_pb_row][\/et_pb_section]<\/p>\n","protected":false},"excerpt":{"rendered":"<p>Entrega de carga puerta a puertaSabemos que tu carga es valiosa, y nuestro compromiso es garantizar que llegue a su destino final con la misma seguridad con la que confiaste en nosotros.C\u00f3mo funcionaInd\u00edcamos la hora y el lugar. Lo recogemos, lo empaquetamos, lo enviamos, lo entregamos.Somos tu socio comprometido en hacer que tu carga pesada [&hellip;]<\/p>\n","protected":false},"author":1,"featured_media":0,"parent":0,"menu_order":0,"comment_status":"closed","ping_status":"closed","template":"","meta":{"_et_pb_use_builder":"on","_et_pb_old_content":"","_et_gb_content_width":"","footnotes":""},"class_list":["post-43","page","type-page","status-publish","hentry"],"_links":{"self":[{"href":"https:\/\/www.aqtran.com\/index.php\/wp-json\/wp\/v2\/pages\/43","targetHints":{"allow":["GET"]}}],"collection":[{"href":"https:\/\/www.aqtran.com\/index.php\/wp-json\/wp\/v2\/pages"}],"about":[{"href":"https:\/\/www.aqtran.com\/index.php\/wp-json\/wp\/v2\/types\/page"}],"author":[{"embeddable":true,"href":"https:\/\/www.aqtran.com\/index.php\/wp-json\/wp\/v2\/users\/1"}],"replies":[{"embeddable":true,"href":"https:\/\/www.aqtran.com\/index.php\/wp-json\/wp\/v2\/comments?post=43"}],"version-history":[{"count":6,"href":"https:\/\/www.aqtran.com\/index.php\/wp-json\/wp\/v2\/pages\/43\/revisions"}],"predecessor-version":[{"id":137,"href":"https:\/\/www.aqtran.com\/index.php\/wp-json\/wp\/v2\/pages\/43\/revisions\/137"}],"wp:attachment":[{"href":"https:\/\/www.aqtran.com\/index.php\/wp-json\/wp\/v2\/media?parent=43"}],"curies":[{"name":"wp","href":"https:\/\/api.w.org\/{rel}","templated":true}]}}