{"id":27,"date":"2024-02-20T10:36:46","date_gmt":"2024-02-20T15:36:46","guid":{"rendered":"https:\/\/www.aqtran.com\/?page_id=27"},"modified":"2024-02-20T17:25:56","modified_gmt":"2024-02-20T22:25:56","slug":"nosotros","status":"publish","type":"page","link":"https:\/\/www.aqtran.com\/index.php\/nosotros\/","title":{"rendered":"Nosotros"},"content":{"rendered":"<p>[et_pb_section fb_built=\u00bb1&#8243; admin_label=\u00bbAbout\u00bb _builder_version=\u00bb4.24.1&#8243; _module_preset=\u00bbdefault\u00bb background_color=\u00bbgcid-af6245ea-df40-48a8-9687-67293107dc0c\u00bb background_enable_image=\u00bboff\u00bb background_position=\u00bbbottom_center\u00bb custom_padding=\u00bb||0px||false|false\u00bb locked=\u00bboff\u00bb collapsed=\u00bbon\u00bb global_colors_info=\u00bb{%22gcid-af6245ea-df40-48a8-9687-67293107dc0c%22:%91%22background_color%22%93}\u00bb][et_pb_row _builder_version=\u00bb4.20.0&#8243; _module_preset=\u00bbdefault\u00bb global_colors_info=\u00bb{}\u00bb][et_pb_column type=\u00bb4_4&#8243; _builder_version=\u00bb4.20.0&#8243; _module_preset=\u00bbdefault\u00bb global_colors_info=\u00bb{}\u00bb][et_pb_text _builder_version=\u00bb4.24.1&#8243; _module_preset=\u00bba2644834-bdb4-4290-a541-cc1b8d92e866&#8243; header_4_text_color=\u00bbgcid-8cdb4e16-0e89-4c38-b30b-9fe41127e3f5&#8243; global_colors_info=\u00bb{%22gcid-8cdb4e16-0e89-4c38-b30b-9fe41127e3f5%22:%91%22header_4_text_color%22%93}\u00bb]<\/p>\n<h4>Tu carga est\u00e1 en buenas manos<\/h4>\n<p>[\/et_pb_text][et_pb_text _builder_version=\u00bb4.24.1&#8243; _module_preset=\u00bbff132d9e-22bc-47da-8603-407aa519d2f7&#8243; header_text_color=\u00bb#FFFFFF\u00bb custom_margin=\u00bb||10px||false|false\u00bb locked=\u00bboff\u00bb global_colors_info=\u00bb{}\u00bb]<\/p>\n<h1>Sobre nosotros<\/h1>\n<p>[\/et_pb_text][et_pb_text _builder_version=\u00bb4.24.1&#8243; _module_preset=\u00bbe915c81b-0308-46f3-bc69-43d6d940e2a7&#8243; text_text_color=\u00bbrgba(255,255,255,0.7)\u00bb module_alignment=\u00bbcenter\u00bb locked=\u00bboff\u00bb global_colors_info=\u00bb{}\u00bb]<\/p>\n<p>Ofrecemos soluciones log\u00edsticas integrales para tus env\u00edos de gran tama\u00f1o, abarcando todo el territorio nacional.<\/p>\n<p>[\/et_pb_text][\/et_pb_column][\/et_pb_row][\/et_pb_section][et_pb_section fb_built=\u00bb1&#8243; admin_label=\u00bbAbout\u00bb _builder_version=\u00bb4.24.1&#8243; _module_preset=\u00bbdefault\u00bb background_color=\u00bbgcid-af6245ea-df40-48a8-9687-67293107dc0c\u00bb custom_margin_tablet=\u00bb\u00bb custom_margin_phone=\u00bb-20px||||false|false\u00bb custom_margin_last_edited=\u00bbon|phone\u00bb locked=\u00bboff\u00bb collapsed=\u00bbon\u00bb global_colors_info=\u00bb{%22gcid-af6245ea-df40-48a8-9687-67293107dc0c%22:%91%22background_color%22,%22background_color%22%93}\u00bb][et_pb_row column_structure=\u00bb1_2,1_2&#8243; _builder_version=\u00bb4.20.0&#8243; _module_preset=\u00bbdefault\u00bb custom_margin=\u00bb-24px|auto||auto||\u00bb custom_padding=\u00bb8px|||||\u00bb global_colors_info=\u00bb{}\u00bb][et_pb_column type=\u00bb1_2&#8243; _builder_version=\u00bb4.20.0&#8243; _module_preset=\u00bbdefault\u00bb global_colors_info=\u00bb{}\u00bb][et_pb_text _builder_version=\u00bb4.24.1&#8243; _module_preset=\u00bbe2636981-fdce-40a0-8d44-e5373085c787&#8243; text_text_color=\u00bb#FFFFFF\u00bb global_colors_info=\u00bb{}\u00bb]<\/p>\n<p>Nos enorgullece contar con m\u00e1s de 10 a\u00f1os de experiencia en el transporte de carga pesada en todo el territorio peruano.<\/p>\n<p>Desde nuestros inicios, nos hemos dedicado a ofrecer soluciones log\u00edsticas robustas, confiables y eficientes para satisfacer las necesidades \u00fanicas de cada uno de nuestros clientes pertenecientes al sector cervecero, bebidas gasificadas, miner\u00eda, construcci\u00f3n e hidrocarburos, entre otros.<\/p>\n<p>En AQTRAN, entendemos la importancia de cada tonelada que transportamos. Nuestra flota de veh\u00edculos especializados, combinada<\/p>\n<p>[\/et_pb_text][\/et_pb_column][et_pb_column type=\u00bb1_2&#8243; _builder_version=\u00bb4.20.0&#8243; _module_preset=\u00bbdefault\u00bb global_colors_info=\u00bb{}\u00bb][et_pb_text _builder_version=\u00bb4.24.1&#8243; _module_preset=\u00bbe2636981-fdce-40a0-8d44-e5373085c787&#8243; text_text_color=\u00bb#FFFFFF\u00bb global_colors_info=\u00bb{}\u00bb]<\/p>\n<p>con un equipo altamente capacitado, nos ha permitido mantenernos como l\u00edderes en el sector de transporte de carga pesada.<\/p>\n<p>Estamos comprometidos a brindar un servicio integral, desde la planificaci\u00f3n hasta la entrega, garantizando la seguridad y la puntualidad en cada paso.<\/p>\n<p>Conf\u00ede en nosotros para manejar sus necesidades log\u00edsticas con la experiencia que solo m\u00e1s de una d\u00e9cada en el sector puede ofrecer. Estamos listos para seguir siendo su socio confiable en el transporte de carga pesada en el Per\u00fa. \u00a1Somos tu soporte Log\u00edstico confiable!<\/p>\n<p>[\/et_pb_text][\/et_pb_column][\/et_pb_row][et_pb_row column_structure=\u00bb1_3,1_3,1_3&#8243; _builder_version=\u00bb4.24.1&#8243; _module_preset=\u00bbdefault\u00bb global_colors_info=\u00bb{}\u00bb][et_pb_column type=\u00bb1_3&#8243; _builder_version=\u00bb4.24.1&#8243; _module_preset=\u00bbdefault\u00bb custom_padding=\u00bb40px|30px|50px|30px|false|true\u00bb border_radii=\u00bbon|10px|10px|10px|10px\u00bb border_width_all=\u00bb1px\u00bb border_color_all=\u00bbRGBA(255,255,255,0)\u00bb global_colors_info=\u00bb{}\u00bb][et_pb_number_counter title=\u00bbClientes satisfechos\u00bb number=\u00bb10+\u00bb _builder_version=\u00bb4.24.1&#8243; _module_preset=\u00bb4929fcbd-d308-42b9-b610-dc7102f178d9&#8243; locked=\u00bboff\u00bb global_colors_info=\u00bb{}\u00bb][\/et_pb_number_counter][\/et_pb_column][et_pb_column type=\u00bb1_3&#8243; _builder_version=\u00bb4.24.1&#8243; _module_preset=\u00bbdefault\u00bb custom_padding=\u00bb40px|30px|50px|30px|false|true\u00bb border_radii=\u00bbon|10px|10px|10px|10px\u00bb border_width_all=\u00bb1px\u00bb border_color_all=\u00bbRGBA(255,255,255,0)\u00bb global_colors_info=\u00bb{}\u00bb][et_pb_number_counter title=\u00bbTasa de satisfacci\u00f3n\u00bb number=\u00bb99&#8243; percent_sign=\u00bbon\u00bb _builder_version=\u00bb4.24.1&#8243; _module_preset=\u00bb4929fcbd-d308-42b9-b610-dc7102f178d9&#8243; locked=\u00bboff\u00bb global_colors_info=\u00bb{}\u00bb][\/et_pb_number_counter][\/et_pb_column][et_pb_column type=\u00bb1_3&#8243; _builder_version=\u00bb4.24.1&#8243; _module_preset=\u00bbdefault\u00bb custom_padding=\u00bb40px|30px|50px|30px|false|true\u00bb border_radii=\u00bbon|10px|10px|10px|10px\u00bb border_width_all=\u00bb1px\u00bb border_color_all=\u00bbRGBA(255,255,255,0)\u00bb global_colors_info=\u00bb{}\u00bb][et_pb_number_counter title=\u00bbA\u00f1os de experiencia\u00bb number=\u00bb10+\u00bb _builder_version=\u00bb4.24.1&#8243; _module_preset=\u00bb4929fcbd-d308-42b9-b610-dc7102f178d9&#8243; locked=\u00bboff\u00bb global_colors_info=\u00bb{}\u00bb][\/et_pb_number_counter][\/et_pb_column][\/et_pb_row][\/et_pb_section][et_pb_section fb_built=\u00bb1&#8243; _builder_version=\u00bb4.20.0&#8243; _module_preset=\u00bbdefault\u00bb background_color=\u00bbgcid-af6245ea-df40-48a8-9687-67293107dc0c\u00bb custom_padding=\u00bb0px||0px||true|false\u00bb saved_tabs=\u00bball\u00bb global_colors_info=\u00bb{%22gcid-af6245ea-df40-48a8-9687-67293107dc0c%22:%91%22background_color%22%93}\u00bb][et_pb_row column_structure=\u00bb1_4,1_4,1_4,1_4&#8243; use_custom_gutter=\u00bbon\u00bb gutter_width=\u00bb1&#8243; _builder_version=\u00bb4.20.0&#8243; _module_preset=\u00bbdefault\u00bb width=\u00bb100%\u00bb max_width=\u00bbnone\u00bb custom_padding=\u00bb0px||0px||true|false\u00bb global_colors_info=\u00bb{}\u00bb][et_pb_column type=\u00bb1_4&#8243; _builder_version=\u00bb4.20.0&#8243; _module_preset=\u00bbdefault\u00bb global_colors_info=\u00bb{}\u00bb][et_pb_image src=\u00bbhttps:\/\/www.aqtran.com\/wp-content\/uploads\/2024\/02\/container-4.png\u00bb title_text=\u00bbcontainer-4&#8243; disabled_on=\u00bbon|off|off\u00bb _builder_version=\u00bb4.20.0&#8243; _module_preset=\u00bbdefault\u00bb global_colors_info=\u00bb{}\u00bb][\/et_pb_image][\/et_pb_column][et_pb_column type=\u00bb1_4&#8243; _builder_version=\u00bb4.20.0&#8243; _module_preset=\u00bbdefault\u00bb global_colors_info=\u00bb{}\u00bb][et_pb_image src=\u00bbhttps:\/\/www.aqtran.com\/wp-content\/uploads\/2024\/02\/container-2.png\u00bb title_text=\u00bbcontainer-2&#8243; disabled_on=\u00bbon|off|off\u00bb _builder_version=\u00bb4.20.0&#8243; _module_preset=\u00bbdefault\u00bb global_colors_info=\u00bb{}\u00bb][\/et_pb_image][\/et_pb_column][et_pb_column type=\u00bb1_4&#8243; _builder_version=\u00bb4.20.0&#8243; _module_preset=\u00bbdefault\u00bb global_colors_info=\u00bb{}\u00bb][et_pb_image src=\u00bbhttps:\/\/www.aqtran.com\/wp-content\/uploads\/2024\/02\/container-1.png\u00bb title_text=\u00bbcontainer-1&#8243; _builder_version=\u00bb4.20.0&#8243; _module_preset=\u00bbdefault\u00bb scroll_vertical_motion_enable=\u00bbon\u00bb scroll_vertical_motion=\u00bb0|50|50|100|-1|0|0&#8243; scroll_vertical_motion_tablet=\u00bb0|50|50|100|0|0|0&#8243; scroll_vertical_motion_phone=\u00bb\u00bb scroll_vertical_motion_last_edited=\u00bbon|desktop\u00bb global_colors_info=\u00bb{}\u00bb][\/et_pb_image][\/et_pb_column][et_pb_column type=\u00bb1_4&#8243; _builder_version=\u00bb4.20.0&#8243; _module_preset=\u00bbdefault\u00bb global_colors_info=\u00bb{}\u00bb][et_pb_image src=\u00bbhttps:\/\/www.aqtran.com\/wp-content\/uploads\/2024\/02\/container-3.png\u00bb title_text=\u00bbcontainer-3&#8243; disabled_on=\u00bbon|off|off\u00bb _builder_version=\u00bb4.20.0&#8243; _module_preset=\u00bbdefault\u00bb scroll_vertical_motion_enable=\u00bbon\u00bb scroll_vertical_motion=\u00bb0|50|50|100|-2|0|0&#8243; scroll_vertical_motion_tablet=\u00bb0|50|50|100|0|0|0&#8243; scroll_vertical_motion_phone=\u00bb\u00bb scroll_vertical_motion_last_edited=\u00bbon|desktop\u00bb global_colors_info=\u00bb{}\u00bb][\/et_pb_image][\/et_pb_column][\/et_pb_row][et_pb_row column_structure=\u00bb1_4,1_4,1_4,1_4&#8243; use_custom_gutter=\u00bbon\u00bb gutter_width=\u00bb1&#8243; _builder_version=\u00bb4.20.0&#8243; _module_preset=\u00bbdefault\u00bb width=\u00bb100%\u00bb max_width=\u00bbnone\u00bb custom_padding=\u00bb0px||0px||true|false\u00bb global_colors_info=\u00bb{}\u00bb][et_pb_column type=\u00bb1_4&#8243; _builder_version=\u00bb4.20.0&#8243; _module_preset=\u00bbdefault\u00bb global_colors_info=\u00bb{}\u00bb][et_pb_image src=\u00bbhttps:\/\/www.aqtran.com\/wp-content\/uploads\/2024\/02\/container-1.png\u00bb title_text=\u00bbcontainer-1&#8243; disabled_on=\u00bbon|off|off\u00bb _builder_version=\u00bb4.20.0&#8243; _module_preset=\u00bbdefault\u00bb global_colors_info=\u00bb{}\u00bb][\/et_pb_image][\/et_pb_column][et_pb_column type=\u00bb1_4&#8243; _builder_version=\u00bb4.20.0&#8243; _module_preset=\u00bbdefault\u00bb global_colors_info=\u00bb{}\u00bb][et_pb_image src=\u00bbhttps:\/\/www.aqtran.com\/wp-content\/uploads\/2024\/02\/container-3.png\u00bb title_text=\u00bbcontainer-3&#8243; disabled_on=\u00bbon|off|off\u00bb _builder_version=\u00bb4.20.0&#8243; _module_preset=\u00bbdefault\u00bb global_colors_info=\u00bb{}\u00bb][\/et_pb_image][\/et_pb_column][et_pb_column type=\u00bb1_4&#8243; _builder_version=\u00bb4.20.0&#8243; _module_preset=\u00bbdefault\u00bb global_colors_info=\u00bb{}\u00bb][et_pb_image src=\u00bbhttps:\/\/www.aqtran.com\/wp-content\/uploads\/2024\/02\/container-2.png\u00bb title_text=\u00bbcontainer-2&#8243; disabled_on=\u00bbon|off|off\u00bb _builder_version=\u00bb4.20.0&#8243; _module_preset=\u00bbdefault\u00bb global_colors_info=\u00bb{}\u00bb][\/et_pb_image][\/et_pb_column][et_pb_column type=\u00bb1_4&#8243; _builder_version=\u00bb4.20.0&#8243; _module_preset=\u00bbdefault\u00bb global_colors_info=\u00bb{}\u00bb][et_pb_image src=\u00bbhttps:\/\/www.aqtran.com\/wp-content\/uploads\/2024\/02\/container-4.png\u00bb title_text=\u00bbcontainer-4&#8243; disabled_on=\u00bbon|off|off\u00bb _builder_version=\u00bb4.20.0&#8243; _module_preset=\u00bbdefault\u00bb global_colors_info=\u00bb{}\u00bb][\/et_pb_image][\/et_pb_column][\/et_pb_row][\/et_pb_section][et_pb_section fb_built=\u00bb1&#8243; admin_label=\u00bbMission &#038; Vision\u00bb _builder_version=\u00bb4.24.1&#8243; _module_preset=\u00bbdefault\u00bb background_color=\u00bbgcid-aa5ce8f4-a042-4184-8a76-3f3d083cef18&#8243; custom_padding=\u00bb||36px|||\u00bb locked=\u00bboff\u00bb collapsed=\u00bbon\u00bb global_colors_info=\u00bb{%22gcid-aa5ce8f4-a042-4184-8a76-3f3d083cef18%22:%91%22background_color%22%93}\u00bb][et_pb_row column_structure=\u00bb1_2,1_2&#8243; _builder_version=\u00bb4.20.0&#8243; _module_preset=\u00bbdefault\u00bb global_colors_info=\u00bb{}\u00bb][et_pb_column type=\u00bb1_2&#8243; _builder_version=\u00bb4.20.0&#8243; _module_preset=\u00bbdefault\u00bb global_colors_info=\u00bb{}\u00bb][et_pb_image src=\u00bbhttps:\/\/www.aqtran.com\/wp-content\/uploads\/2024\/02\/Aqtran_Servicios_01.png\u00bb title_text=\u00bbAqtran_Servicios_01&#8243; _builder_version=\u00bb4.24.1&#8243; _module_preset=\u00bbdefault\u00bb global_colors_info=\u00bb{}\u00bb][\/et_pb_image][et_pb_text _builder_version=\u00bb4.20.0&#8243; _module_preset=\u00bbd1d4eaf7-52ca-4e1a-b9a9-fd2655cb663c\u00bb header_2_text_color=\u00bb#FFFFFF\u00bb custom_margin=\u00bb||10px||false|false\u00bb global_colors_info=\u00bb{}\u00bb]<\/p>\n<h2>Nuestra misi\u00f3n<\/h2>\n<p>[\/et_pb_text][et_pb_text _builder_version=\u00bb4.24.1&#8243; _module_preset=\u00bbe2636981-fdce-40a0-8d44-e5373085c787&#8243; text_text_color=\u00bbrgba(255,255,255,0.7)\u00bb locked=\u00bboff\u00bb global_colors_info=\u00bb{}\u00bb]<\/p>\n<p>Satisfacer plenamente en tiempo y forma los requerimientos de nuestros clientes garantizando un servicio que destaque por la seguridad, puntualidad y calidad, con respaldo de tecnolog\u00eda adecuada, personal calificado y competitivo. Adem\u00e1s cuentan con nuestro apoyo para su formaci\u00f3n \u00e9tica y profesional; respetando el medio ambiente de las comunidades por donde operamos.<\/p>\n<p>[\/et_pb_text][\/et_pb_column][et_pb_column type=\u00bb1_2&#8243; _builder_version=\u00bb4.20.0&#8243; _module_preset=\u00bbdefault\u00bb global_colors_info=\u00bb{}\u00bb][et_pb_image src=\u00bbhttps:\/\/www.aqtran.com\/wp-content\/uploads\/2024\/02\/Aqtran_Servicios_02.png\u00bb title_text=\u00bbAqtran_Servicios_02&#8243; _builder_version=\u00bb4.24.1&#8243; _module_preset=\u00bbdefault\u00bb locked=\u00bboff\u00bb global_colors_info=\u00bb{}\u00bb][\/et_pb_image][et_pb_text _builder_version=\u00bb4.20.0&#8243; _module_preset=\u00bbd1d4eaf7-52ca-4e1a-b9a9-fd2655cb663c\u00bb header_2_text_color=\u00bb#FFFFFF\u00bb custom_margin=\u00bb||10px||false|false\u00bb locked=\u00bboff\u00bb global_colors_info=\u00bb{}\u00bb]<\/p>\n<h2>Nuestra visi\u00f3n<\/h2>\n<p>[\/et_pb_text][et_pb_text _builder_version=\u00bb4.24.1&#8243; _module_preset=\u00bbe2636981-fdce-40a0-8d44-e5373085c787&#8243; text_text_color=\u00bbrgba(255,255,255,0.7)\u00bb locked=\u00bboff\u00bb global_colors_info=\u00bb{}\u00bb]<\/p>\n<p>Ser la empresa l\u00edder en el servicio de transporte terrestre de carga general y especializada, utilizando tecnolog\u00eda avanzada e innovadora, con presencia competitiva a nivel nacional e internacional.<\/p>\n<p>\u00a1Estamos seguros de que los lograremos, ya que tenemos metas claras.<\/p>\n<p>[\/et_pb_text][\/et_pb_column][\/et_pb_row][\/et_pb_section][et_pb_section fb_built=\u00bb1&#8243; admin_label=\u00bbFooter\u00bb _builder_version=\u00bb4.20.0&#8243; _module_preset=\u00bbdefault\u00bb background_color=\u00bbgcid-400cd218-0ce7-4651-90a8-18df0f8d948b\u00bb saved_tabs=\u00bball\u00bb collapsed=\u00bbon\u00bb global_colors_info=\u00bb{%22gcid-400cd218-0ce7-4651-90a8-18df0f8d948b%22:%91%22background_color%22%93}\u00bb][et_pb_row column_structure=\u00bb1_3,1_3,1_3&#8243; _builder_version=\u00bb4.20.0&#8243; _module_preset=\u00bbdefault\u00bb global_colors_info=\u00bb{}\u00bb][et_pb_column type=\u00bb1_3&#8243; _builder_version=\u00bb4.20.0&#8243; _module_preset=\u00bbdefault\u00bb global_colors_info=\u00bb{}\u00bb][et_pb_text _builder_version=\u00bb4.24.1&#8243; _module_preset=\u00bb0635e2d5-4b6d-4c78-88b9-f31fef46f930&#8243; header_3_text_color=\u00bbgcid-8cdb4e16-0e89-4c38-b30b-9fe41127e3f5&#8243; custom_margin=\u00bb||10px||false|false\u00bb global_colors_info=\u00bb{%22gcid-8cdb4e16-0e89-4c38-b30b-9fe41127e3f5%22:%91%22header_3_text_color%22%93}\u00bb]<\/p>\n<h3>Direcci\u00f3n<\/h3>\n<p>[\/et_pb_text][et_pb_text _builder_version=\u00bb4.24.1&#8243; _module_preset=\u00bb30373dd6-6502-4e4d-9ddb-1ba03583aa5b\u00bb text_text_color=\u00bb#FFFFFF\u00bb global_colors_info=\u00bb{}\u00bb]<\/p>\n<p>Av. Asturias #423, Ate &#8211; Vitarte, Lima, Per\u00fa<\/p>\n<p>[\/et_pb_text][et_pb_button button_url=\u00bbhttps:\/\/maps.app.goo.gl\/KuDuTUiasZhmvbVY8&#8243; url_new_window=\u00bbon\u00bb button_text=\u00bbUb\u00edcanos\u00bb _builder_version=\u00bb4.24.1&#8243; _module_preset=\u00bbdf492ed6-45df-42bd-8302-a7bf08ee1c15&#8243; button_text_color=\u00bbgcid-8cdb4e16-0e89-4c38-b30b-9fe41127e3f5&#8243; button_border_color=\u00bbgcid-8cdb4e16-0e89-4c38-b30b-9fe41127e3f5&#8243; custom_margin=\u00bb-8px|||||\u00bb custom_padding=\u00bb15px|40px|15px|40px|true|false\u00bb global_colors_info=\u00bb{%22gcid-8cdb4e16-0e89-4c38-b30b-9fe41127e3f5%22:%91%22button_text_color%22,%22button_border_color%22%93}\u00bb][\/et_pb_button][\/et_pb_column][et_pb_column type=\u00bb1_3&#8243; _builder_version=\u00bb4.20.0&#8243; _module_preset=\u00bbdefault\u00bb global_colors_info=\u00bb{}\u00bb][et_pb_text _builder_version=\u00bb4.24.1&#8243; _module_preset=\u00bb0635e2d5-4b6d-4c78-88b9-f31fef46f930&#8243; header_3_text_color=\u00bbgcid-8cdb4e16-0e89-4c38-b30b-9fe41127e3f5&#8243; custom_margin=\u00bb||10px|80px|false|false\u00bb custom_margin_tablet=\u00bb\u00bb custom_margin_phone=\u00bb||10px|0px|false|false\u00bb custom_margin_last_edited=\u00bbon|phone\u00bb global_colors_info=\u00bb{%22gcid-8cdb4e16-0e89-4c38-b30b-9fe41127e3f5%22:%91%22header_3_text_color%22%93}\u00bb]<\/p>\n<h3>Tel\u00e9fono<\/h3>\n<p>[\/et_pb_text][et_pb_text _builder_version=\u00bb4.24.1&#8243; _module_preset=\u00bb30373dd6-6502-4e4d-9ddb-1ba03583aa5b\u00bb text_text_color=\u00bb#FFFFFF\u00bb link_text_color=\u00bb#FFFFFF\u00bb custom_margin=\u00bb||10px|80px|false|false\u00bb custom_margin_tablet=\u00bb\u00bb custom_margin_phone=\u00bb||10px|0px|false|false\u00bb custom_margin_last_edited=\u00bbon|phone\u00bb global_colors_info=\u00bb{%22gcid-8cdb4e16-0e89-4c38-b30b-9fe41127e3f5%22:%91%22link_text_color__hover%22%93}\u00bb link_text_color__hover_enabled=\u00bbon|hover\u00bb link_text_color__hover=\u00bb#e7ac3c\u00bb]<\/p>\n<p>(+51) 924 295 293<\/p>\n<p>[\/et_pb_text][et_pb_text _builder_version=\u00bb4.24.1&#8243; _module_preset=\u00bb30373dd6-6502-4e4d-9ddb-1ba03583aa5b\u00bb text_text_color=\u00bb#FFFFFF\u00bb link_text_color=\u00bb#FFFFFF\u00bb custom_margin=\u00bb||10px|80px|false|false\u00bb custom_margin_tablet=\u00bb\u00bb custom_margin_phone=\u00bb|||0px|false|false\u00bb custom_margin_last_edited=\u00bbon|phone\u00bb global_colors_info=\u00bb{%22gcid-8cdb4e16-0e89-4c38-b30b-9fe41127e3f5%22:%91%22link_text_color__hover%22%93}\u00bb link_text_color__hover_enabled=\u00bbon|hover\u00bb link_text_color__hover=\u00bb#e7ac3c\u00bb]<\/p>\n<p>(+51) 998 676\u00a0834<\/p>\n<p>[\/et_pb_text][\/et_pb_column][et_pb_column type=\u00bb1_3&#8243; _builder_version=\u00bb4.20.0&#8243; _module_preset=\u00bbdefault\u00bb global_colors_info=\u00bb{}\u00bb][et_pb_text _builder_version=\u00bb4.24.1&#8243; _module_preset=\u00bb0635e2d5-4b6d-4c78-88b9-f31fef46f930&#8243; header_3_text_color=\u00bbgcid-8cdb4e16-0e89-4c38-b30b-9fe41127e3f5&#8243; custom_margin=\u00bb||10px||false|false\u00bb global_colors_info=\u00bb{%22gcid-8cdb4e16-0e89-4c38-b30b-9fe41127e3f5%22:%91%22header_3_text_color%22%93}\u00bb]<\/p>\n<h3>Email<\/h3>\n<p>[\/et_pb_text][et_pb_text _builder_version=\u00bb4.24.1&#8243; _module_preset=\u00bb30373dd6-6502-4e4d-9ddb-1ba03583aa5b\u00bb text_text_color=\u00bb#FFFFFF\u00bb link_text_color=\u00bb#FFFFFF\u00bb custom_margin=\u00bb||10px||false|false\u00bb global_colors_info=\u00bb{%22gcid-8cdb4e16-0e89-4c38-b30b-9fe41127e3f5%22:%91%22link_text_color__hover%22%93}\u00bb link_text_color__hover_enabled=\u00bbon|hover\u00bb link_text_color__hover=\u00bb#e7ac3c\u00bb]<\/p>\n<p>operaciones@aqtran.com<\/p>\n<p>[\/et_pb_text][\/et_pb_column][\/et_pb_row][\/et_pb_section]<\/p>\n","protected":false},"excerpt":{"rendered":"<p>Tu carga est\u00e1 en buenas manosSobre nosotrosOfrecemos soluciones log\u00edsticas integrales para tus env\u00edos de gran tama\u00f1o, abarcando todo el territorio nacional.Nos enorgullece contar con m\u00e1s de 10 a\u00f1os de experiencia en el transporte de carga pesada en todo el territorio peruano. Desde nuestros inicios, nos hemos dedicado a ofrecer soluciones log\u00edsticas robustas, confiables y eficientes [&hellip;]<\/p>\n","protected":false},"author":1,"featured_media":0,"parent":0,"menu_order":0,"comment_status":"closed","ping_status":"closed","template":"","meta":{"_et_pb_use_builder":"on","_et_pb_old_content":"","_et_gb_content_width":"","footnotes":""},"class_list":["post-27","page","type-page","status-publish","hentry"],"_links":{"self":[{"href":"https:\/\/www.aqtran.com\/index.php\/wp-json\/wp\/v2\/pages\/27","targetHints":{"allow":["GET"]}}],"collection":[{"href":"https:\/\/www.aqtran.com\/index.php\/wp-json\/wp\/v2\/pages"}],"about":[{"href":"https:\/\/www.aqtran.com\/index.php\/wp-json\/wp\/v2\/types\/page"}],"author":[{"embeddable":true,"href":"https:\/\/www.aqtran.com\/index.php\/wp-json\/wp\/v2\/users\/1"}],"replies":[{"embeddable":true,"href":"https:\/\/www.aqtran.com\/index.php\/wp-json\/wp\/v2\/comments?post=27"}],"version-history":[{"count":9,"href":"https:\/\/www.aqtran.com\/index.php\/wp-json\/wp\/v2\/pages\/27\/revisions"}],"predecessor-version":[{"id":135,"href":"https:\/\/www.aqtran.com\/index.php\/wp-json\/wp\/v2\/pages\/27\/revisions\/135"}],"wp:attachment":[{"href":"https:\/\/www.aqtran.com\/index.php\/wp-json\/wp\/v2\/media?parent=27"}],"curies":[{"name":"wp","href":"https:\/\/api.w.org\/{rel}","templated":true}]}}